{"id":2718,"date":"2023-10-17T00:31:43","date_gmt":"2023-10-17T04:31:43","guid":{"rendered":"https:\/\/lsiracusa.com\/?page_id=2718"},"modified":"2023-10-17T00:31:43","modified_gmt":"2023-10-17T04:31:43","slug":"grupo-international","status":"publish","type":"page","link":"https:\/\/lsiracusa.com\/index.php\/grupo-international\/","title":{"rendered":"Grupo International"},"content":{"rendered":"\n<div class=\"wp-block-uagb-advanced-heading uagb-block-84f814f5\"><p class=\"uagb-desc-text\">Portafolio reportes para empresas multinacionales<\/p><h1 class=\"uagb-heading-text\">M\u00faltiples Localidades,  Gesti\u00f3n basada en la visi\u00f3n global  y local<\/h1><\/div>\n\n\n\n<div class=\"wp-block-uagb-container uagb-block-a79bbcd0 alignfull uagb-is-root-container\"><div class=\"uagb-container-inner-blocks-wrap\">\n<div class=\"wp-block-uagb-container uagb-block-dfef776f\">\n<div class=\"wp-block-uagb-container uagb-block-3eb5150e\">\n<div class=\"wp-block-uagb-image uagb-block-1c91ce91 wp-block-uagb-image--layout-default wp-block-uagb-image--effect-static wp-block-uagb-image--align-none\"><figure class=\"wp-block-uagb-image__figure\"><img decoding=\"async\" srcset=\"https:\/\/lsiracusa.com\/wp-content\/uploads\/2023\/10\/clip-coming-soon.png \" sizes=\"auto, (max-width: 480px) 150px\" src=\"https:\/\/lsiracusa.com\/wp-content\/uploads\/2023\/10\/clip-coming-soon.png\" alt=\"\" class=\"uag-image-2721\" width=\"600\" height=\"600\" title=\"\" loading=\"lazy\"\/><\/figure><\/div>\n<\/div>\n\n\n\n<div class=\"wp-block-uagb-container uagb-block-0807ea80\">\n<p><\/p>\n\n\n\n<div class=\"wp-block-uagb-advanced-heading uagb-block-f6675afe\"><h5 class=\"uagb-heading-text\">Empresa Multinacional<\/h5><\/div>\n\n\n\n<p><\/p>\n<\/div>\n<\/div>\n<\/div><\/div>\n\n\n\n<div class=\"wp-block-uagb-container uagb-block-7a0e9114 alignfull uagb-is-root-container\"><div class=\"uagb-container-inner-blocks-wrap\"><\/div><\/div>\n\n\n\n<div class=\"wp-block-uagb-image uagb-block-91143fde wp-block-uagb-image--layout-default wp-block-uagb-image--effect-static wp-block-uagb-image--align-none\"><figure class=\"wp-block-uagb-image__figure\"><img decoding=\"async\" srcset=\"https:\/\/lsiracusa.com\/wp-content\/uploads\/2023\/10\/Captura.png \" sizes=\"auto, (max-width: 480px) 150px\" src=\"https:\/\/lsiracusa.com\/wp-content\/uploads\/2023\/10\/Captura.png\" alt=\"\" class=\"uag-image-2722\" width=\"1100\" height=\"600\" title=\"\" loading=\"lazy\"\/><\/figure><\/div>\n","protected":false},"excerpt":{"rendered":"<p>Portafolio reportes para empresas multinacionales M\u00faltiples Localidades, Gesti\u00f3n basada en la visi\u00f3n global y local Empresa Multinacional<\/p>\n","protected":false},"author":1,"featured_media":0,"parent":0,"menu_order":0,"comment_status":"closed","ping_status":"closed","template":"","meta":{"_uag_custom_page_level_css":"","site-sidebar-layout":"no-sidebar","site-content-layout":"page-builder","ast-site-content-layout":"full-width-container","site-content-style":"unboxed","site-sidebar-style":"unboxed","ast-global-header-display":"","ast-banner-title-visibility":"","ast-main-header-display":"","ast-hfb-above-header-display":"","ast-hfb-below-header-display":"","ast-hfb-mobile-header-display":"","site-post-title":"disabled","ast-breadcrumbs-content":"","ast-featured-img":"disabled","footer-sml-layout":"","theme-transparent-header-meta":"enabled","adv-header-id-meta":"","stick-header-meta":"","header-above-stick-meta":"","header-main-stick-meta":"","header-below-stick-meta":"","astra-migrate-meta-layouts":"set","footnotes":""},"class_list":["post-2718","page","type-page","status-publish","hentry"],"uagb_featured_image_src":{"full":false,"thumbnail":false,"medium":false,"medium_large":false,"large":false,"1536x1536":false,"2048x2048":false},"uagb_author_info":{"display_name":"lilianag.siracusac","author_link":"https:\/\/lsiracusa.com\/index.php\/author\/lilianag-siracusac\/"},"uagb_comment_info":0,"uagb_excerpt":"Portafolio reportes para empresas multinacionales M\u00faltiples Localidades, Gesti\u00f3n basada en la visi\u00f3n global y local Empresa Multinacional","_links":{"self":[{"href":"https:\/\/lsiracusa.com\/index.php\/wp-json\/wp\/v2\/pages\/2718","targetHints":{"allow":["GET"]}}],"collection":[{"href":"https:\/\/lsiracusa.com\/index.php\/wp-json\/wp\/v2\/pages"}],"about":[{"href":"https:\/\/lsiracusa.com\/index.php\/wp-json\/wp\/v2\/types\/page"}],"author":[{"embeddable":true,"href":"https:\/\/lsiracusa.com\/index.php\/wp-json\/wp\/v2\/users\/1"}],"replies":[{"embeddable":true,"href":"https:\/\/lsiracusa.com\/index.php\/wp-json\/wp\/v2\/comments?post=2718"}],"version-history":[{"count":4,"href":"https:\/\/lsiracusa.com\/index.php\/wp-json\/wp\/v2\/pages\/2718\/revisions"}],"predecessor-version":[{"id":2726,"href":"https:\/\/lsiracusa.com\/index.php\/wp-json\/wp\/v2\/pages\/2718\/revisions\/2726"}],"wp:attachment":[{"href":"https:\/\/lsiracusa.com\/index.php\/wp-json\/wp\/v2\/media?parent=2718"}],"curies":[{"name":"wp","href":"https:\/\/api.w.org\/{rel}","templated":true}]}}